{"id":90,"date":"2023-07-04T21:04:36","date_gmt":"2023-07-04T21:04:36","guid":{"rendered":"https:\/\/leam.dev.uqam.ca\/?page_id=90"},"modified":"2024-09-30T18:39:01","modified_gmt":"2024-09-30T18:39:01","slug":"nouvelles","status":"publish","type":"page","link":"https:\/\/leam.uqam.ca\/?page_id=90","title":{"rendered":"Nouvelles"},"content":{"rendered":"<h2>2024<\/h2>\n      <div id=\"post-grid-lazy-376\" class=\"post-grid-lazy\"><img decoding=\"async\" alt=\"\" src=\"\" \/><\/div>\n    <script>\n      jQuery('#post-grid-lazy-376').ready(function($) {\n        $('#post-grid-lazy-376').fadeOut();\n        $('#post-grid-376   ').fadeIn();\n      })\n    <\/script>\n    <style type=\"text\/css\">\n      #post-grid-376 {\n        display: none;\n      }\n\n      .post-grid-lazy {\n        text-align: center;\n      }\n    <\/style>\n    <div data-options='{&quot;id&quot;:&quot;376&quot;,&quot;lazy_load&quot;:&quot;yes&quot;,&quot;masonry_enable&quot;:&quot;no&quot;,&quot;view_type&quot;:&quot;grid&quot;}' id=\"post-grid-376\" class=\"post-grid grid\">\n    \n\n\n    <div class=\"grid-items\">\n      <div class=\"item item-383 skin flat even 0 \">\n        <div class=\"layer-wrapper layout-80\">\n          <div class=\" element_1686770963662\"\r\n        id=\"\">\r\n        <div class=\"element element_1686771873381  title \">\r\n                    <a target=\"_blank\"\r\n                href=\"https:\/\/leam.uqam.ca\/?p=383\">Publications r\u00e9centes, Automne 2024<\/a>\r\n            <\/div>\r\n    <\/div>\r\n    <\/div>\n  <\/div><div class=\"item item-369 skin flat odd 1 \">\n        <div class=\"layer-wrapper layout-80\">\n          <div class=\" element_1686770963662\"\r\n        id=\"\">\r\n        <div class=\"element element_1686771873381  title \">\r\n                    <a target=\"_blank\"\r\n                href=\"https:\/\/leam.uqam.ca\/?p=369\">Printemps 2024: Groupe de lecture sur la \"confusion\"<\/a>\r\n            <\/div>\r\n    <\/div>\r\n    <\/div>\n  <\/div><div class=\"item item-388 skin flat even 2 \">\n        <div class=\"layer-wrapper layout-80\">\n          <div class=\" element_1686770963662\"\r\n        id=\"\">\r\n        <div class=\"element element_1686771873381  title \">\r\n                    <a target=\"_blank\"\r\n                href=\"https:\/\/leam.uqam.ca\/?p=388\">Janvier 2024: Journ\u00e9e de vulgarisation scientifique<\/a>\r\n            <\/div>\r\n    <\/div>\r\n    <\/div>\n  <\/div>    <\/div>\n    <div class=\"pagination\">\n      <div class=\"paginate\">\n      <\/div>\n  <style type=\"text\/css\">\n    #post-grid-376 .pagination .page-numbers {\n      font-size: 16px;\n      color: #fff;\n      background: #646464;\n    }\n\n    #post-grid-376 .pagination .page-numbers:hover,\n    #post-grid-376 .pagination .page-numbers.current {\n      background: #4b4b4b;\n    }\n  <\/style>\n  <\/div>\n        <style type=\"text\/css\">\r\n            .layout-80 .element_1686770963662 {\r\n                            }\r\n\r\n                    <\/style>\r\n        <style type=\"text\/css\">\r\n        .layout-80 .element_1686771873381 {\r\n            text-align: left;\r\n                    }\r\n\r\n        .layout-80 .element_1686771873381 a {\r\n            text-align: left;\r\n                    }\r\n    <\/style>\r\n    <style type=\"text\/css\">\n        .layout-80.element_1686771898968 {\n            text-align: left;\n                    }\n\n            <\/style>\n      <script>\n          <\/script>\n    <style type=\"text\/css\">\n    #post-grid-376 {\n          }\n\n    #post-grid-376 .item {\n      padding: 0px;\n      background: #fff;\n          }\n\n    #post-grid-376 .item .layer-media {\n      height:auto;    }\n\n    @media only screen and (min-width: 0px) and (max-width: 767px) {\n      #post-grid-376 .grid-items {\n        display: grid;\n        grid-template-columns: 1fr ;\n        column-gap: 10px;\n        row-gap: 10px;\n              }\n\n      #post-grid-376 .item {\n        height:auto;      }\n    }\n\n    @media only screen and (min-width: 768px) and (max-width: 1023px) {\n      #post-grid-376 .grid-items {\n        display: grid;\n        grid-template-columns: 1fr ;\n        column-gap: 10px;\n        row-gap: 10px;\n              }\n\n      #post-grid-376 .item {\n        max-height:auto;      }\n    }\n\n    @media only screen and (min-width: 1024px) {\n      #post-grid-376 .grid-items {\n        display: grid;\n        grid-template-columns: 1fr ;\n        column-gap: 10px;\n        row-gap: 10px;\n              }\n\n      #post-grid-376 .item {\n        height:auto;      }\n    }\n\n      <\/style>\n  <\/div>\n\n<h2>2023<\/h2>\n      <div id=\"post-grid-lazy-121\" class=\"post-grid-lazy\"><img decoding=\"async\" alt=\"\" src=\"\" \/><\/div>\n    <script>\n      jQuery('#post-grid-lazy-121').ready(function($) {\n        $('#post-grid-lazy-121').fadeOut();\n        $('#post-grid-121   ').fadeIn();\n      })\n    <\/script>\n    <style type=\"text\/css\">\n      #post-grid-121 {\n        display: none;\n      }\n\n      .post-grid-lazy {\n        text-align: center;\n      }\n    <\/style>\n    <div data-options='{&quot;id&quot;:&quot;121&quot;,&quot;lazy_load&quot;:&quot;yes&quot;,&quot;masonry_enable&quot;:&quot;no&quot;,&quot;view_type&quot;:&quot;grid&quot;}' id=\"post-grid-121\" class=\"post-grid grid\">\n    \n\n\n    <div class=\"grid-items\">\n      <div class=\"item item-347 skin flat even 0 \">\n        <div class=\"layer-wrapper layout-80\">\n          <div class=\" element_1686770963662\"\r\n        id=\"\">\r\n        <div class=\"element element_1686771873381  title \">\r\n                    <a target=\"_blank\"\r\n                href=\"https:\/\/leam.uqam.ca\/?p=347\">D\u00e9cembre 2023: Journ\u00e9e ouverte LEAM<\/a>\r\n            <\/div>\r\n    <\/div>\r\n    <\/div>\n  <\/div><div class=\"item item-118 skin flat odd 1 \">\n        <div class=\"layer-wrapper layout-80\">\n          <div class=\" element_1686770963662\"\r\n        id=\"\">\r\n        <div class=\"element element_1686771873381  title \">\r\n                    <a target=\"_blank\"\r\n                href=\"https:\/\/leam.uqam.ca\/?p=118\">Aout 2023: Nouveau site web<\/a>\r\n            <\/div>\r\n    <\/div>\r\n    <\/div>\n  <\/div><div class=\"item item-123 skin flat even 2 \">\n        <div class=\"layer-wrapper layout-80\">\n          <div class=\" element_1686770963662\"\r\n        id=\"\">\r\n        <div class=\"element element_1686771873381  title \">\r\n                    <a target=\"_blank\"\r\n                href=\"https:\/\/leam.uqam.ca\/?p=123\">Juin 2023: Conf\u00e9rence virtuelle Proportionalit\u00e9 et \u00e9quivalence de ratios<\/a>\r\n            <\/div>\r\n    <\/div>\r\n    <\/div>\n  <\/div>    <\/div>\n    <div class=\"pagination\">\n      <div class=\"paginate\">\n      <\/div>\n  <style type=\"text\/css\">\n    #post-grid-121 .pagination .page-numbers {\n      font-size: 16px;\n      color: #fff;\n      background: #646464;\n    }\n\n    #post-grid-121 .pagination .page-numbers:hover,\n    #post-grid-121 .pagination .page-numbers.current {\n      background: #4b4b4b;\n    }\n  <\/style>\n  <\/div>\n        <style type=\"text\/css\">\r\n            .layout-80 .element_1686770963662 {\r\n                            }\r\n\r\n                    <\/style>\r\n        <style type=\"text\/css\">\r\n        .layout-80 .element_1686771873381 {\r\n            text-align: left;\r\n                    }\r\n\r\n        .layout-80 .element_1686771873381 a {\r\n            text-align: left;\r\n                    }\r\n    <\/style>\r\n    <style type=\"text\/css\">\n        .layout-80.element_1686771898968 {\n            text-align: left;\n                    }\n\n            <\/style>\n      <script>\n          <\/script>\n    <style type=\"text\/css\">\n    #post-grid-121 {\n          }\n\n    #post-grid-121 .item {\n      padding: 0px;\n      background: #fff;\n          }\n\n    #post-grid-121 .item .layer-media {\n      height:auto;    }\n\n    @media only screen and (min-width: 0px) and (max-width: 767px) {\n      #post-grid-121 .grid-items {\n        display: grid;\n        grid-template-columns: 1fr ;\n        column-gap: 10px;\n        row-gap: 10px;\n              }\n\n      #post-grid-121 .item {\n        height:auto;      }\n    }\n\n    @media only screen and (min-width: 768px) and (max-width: 1023px) {\n      #post-grid-121 .grid-items {\n        display: grid;\n        grid-template-columns: 1fr ;\n        column-gap: 10px;\n        row-gap: 10px;\n              }\n\n      #post-grid-121 .item {\n        max-height:auto;      }\n    }\n\n    @media only screen and (min-width: 1024px) {\n      #post-grid-121 .grid-items {\n        display: grid;\n        grid-template-columns: 1fr ;\n        column-gap: 10px;\n        row-gap: 10px;\n              }\n\n      #post-grid-121 .item {\n        height:auto;      }\n    }\n\n      <\/style>\n  <\/div>\n\n<h2>2022<\/h2>\n      <div id=\"post-grid-lazy-75\" class=\"post-grid-lazy\"><img decoding=\"async\" alt=\"\" src=\"\" \/><\/div>\n    <script>\n      jQuery('#post-grid-lazy-75').ready(function($) {\n        $('#post-grid-lazy-75').fadeOut();\n        $('#post-grid-75   ').fadeIn();\n      })\n    <\/script>\n    <style type=\"text\/css\">\n      #post-grid-75 {\n        display: none;\n      }\n\n      .post-grid-lazy {\n        text-align: center;\n      }\n    <\/style>\n    <div data-options='{&quot;id&quot;:&quot;75&quot;,&quot;lazy_load&quot;:&quot;yes&quot;,&quot;masonry_enable&quot;:&quot;no&quot;,&quot;view_type&quot;:&quot;grid&quot;}' id=\"post-grid-75\" class=\"post-grid grid\">\n    \n\n\n    <div class=\"grid-items\">\n      <div class=\"item item-21 skin flat even 0 \">\n        <div class=\"layer-wrapper layout-80\">\n          <div class=\" element_1686770963662\"\r\n        id=\"\">\r\n        <div class=\"element element_1686771873381  title \">\r\n                    <a target=\"_blank\"\r\n                href=\"https:\/\/leam.uqam.ca\/?p=21\">D\u00e9cembre 2022: Soutenance de th\u00e8se de Sabrina H\u00e9roux<\/a>\r\n            <\/div>\r\n    <\/div>\r\n    <\/div>\n  <\/div><div class=\"item item-25 skin flat odd 1 \">\n        <div class=\"layer-wrapper layout-80\">\n          <div class=\" element_1686770963662\"\r\n        id=\"\">\r\n        <div class=\"element element_1686771873381  title \">\r\n                    <a target=\"_blank\"\r\n                href=\"https:\/\/leam.uqam.ca\/?p=25\">Novembre 2022: Soutenance de th\u00e8se de Genevi\u00e8ve Barab\u00e9<\/a>\r\n            <\/div>\r\n    <\/div>\r\n    <\/div>\n  <\/div><div class=\"item item-78 skin flat even 2 \">\n        <div class=\"layer-wrapper layout-80\">\n          <div class=\" element_1686770963662\"\r\n        id=\"\">\r\n        <div class=\"element element_1686771873381  title \">\r\n                    <a target=\"_blank\"\r\n                href=\"https:\/\/leam.uqam.ca\/?p=78\">Juin 2022: Conf\u00e9rence VIRTUELLE sur la proportionnalit\u00e9 en contexte de calcul mental<\/a>\r\n            <\/div>\r\n    <\/div>\r\n    <\/div>\n  <\/div>    <\/div>\n    <div class=\"pagination\">\n      <div class=\"paginate\">\n      <\/div>\n  <style type=\"text\/css\">\n    #post-grid-75 .pagination .page-numbers {\n      font-size: 16px;\n      color: #fff;\n      background: #646464;\n    }\n\n    #post-grid-75 .pagination .page-numbers:hover,\n    #post-grid-75 .pagination .page-numbers.current {\n      background: #4b4b4b;\n    }\n  <\/style>\n  <\/div>\n        <style type=\"text\/css\">\r\n            .layout-80 .element_1686770963662 {\r\n                            }\r\n\r\n                    <\/style>\r\n        <style type=\"text\/css\">\r\n        .layout-80 .element_1686771873381 {\r\n            text-align: left;\r\n                    }\r\n\r\n        .layout-80 .element_1686771873381 a {\r\n            text-align: left;\r\n                    }\r\n    <\/style>\r\n    <style type=\"text\/css\">\n        .layout-80.element_1686771898968 {\n            text-align: left;\n                    }\n\n            <\/style>\n      <script>\n          <\/script>\n    <style type=\"text\/css\">\n    #post-grid-75 {\n          }\n\n    #post-grid-75 .item {\n      padding: 0px;\n      background: #fff;\n          }\n\n    #post-grid-75 .item .layer-media {\n      height:auto;    }\n\n    @media only screen and (min-width: 0px) and (max-width: 767px) {\n      #post-grid-75 .grid-items {\n        display: grid;\n        grid-template-columns: 1fr ;\n        column-gap: 10px;\n        row-gap: 10px;\n              }\n\n      #post-grid-75 .item {\n        height:auto;      }\n    }\n\n    @media only screen and (min-width: 768px) and (max-width: 1023px) {\n      #post-grid-75 .grid-items {\n        display: grid;\n        grid-template-columns: 1fr ;\n        column-gap: 10px;\n        row-gap: 10px;\n              }\n\n      #post-grid-75 .item {\n        max-height:auto;      }\n    }\n\n    @media only screen and (min-width: 1024px) {\n      #post-grid-75 .grid-items {\n        display: grid;\n        grid-template-columns: 1fr ;\n        column-gap: 10px;\n        row-gap: 10px;\n              }\n\n      #post-grid-75 .item {\n        height:auto;      }\n    }\n\n      <\/style>\n  <\/div>\n\n<p>&nbsp;<\/p>\n","protected":false},"excerpt":{"rendered":"<p>2024 2023 2022 &nbsp;<\/p>\n","protected":false},"author":2,"featured_media":195,"parent":0,"menu_order":0,"comment_status":"closed","ping_status":"closed","template":"","meta":{"_acf_changed":false,"footnotes":""},"class_list":["post-90","page","type-page","status-publish","has-post-thumbnail","hentry"],"acf":[],"jetpack_sharing_enabled":true,"_links":{"self":[{"href":"https:\/\/leam.uqam.ca\/index.php?rest_route=\/wp\/v2\/pages\/90","targetHints":{"allow":["GET"]}}],"collection":[{"href":"https:\/\/leam.uqam.ca\/index.php?rest_route=\/wp\/v2\/pages"}],"about":[{"href":"https:\/\/leam.uqam.ca\/index.php?rest_route=\/wp\/v2\/types\/page"}],"author":[{"embeddable":true,"href":"https:\/\/leam.uqam.ca\/index.php?rest_route=\/wp\/v2\/users\/2"}],"replies":[{"embeddable":true,"href":"https:\/\/leam.uqam.ca\/index.php?rest_route=%2Fwp%2Fv2%2Fcomments&post=90"}],"version-history":[{"count":7,"href":"https:\/\/leam.uqam.ca\/index.php?rest_route=\/wp\/v2\/pages\/90\/revisions"}],"predecessor-version":[{"id":377,"href":"https:\/\/leam.uqam.ca\/index.php?rest_route=\/wp\/v2\/pages\/90\/revisions\/377"}],"wp:featuredmedia":[{"embeddable":true,"href":"https:\/\/leam.uqam.ca\/index.php?rest_route=\/wp\/v2\/media\/195"}],"wp:attachment":[{"href":"https:\/\/leam.uqam.ca\/index.php?rest_route=%2Fwp%2Fv2%2Fmedia&parent=90"}],"curies":[{"name":"wp","href":"https:\/\/api.w.org\/{rel}","templated":true}]}}