{"id":47,"date":"2023-06-14T18:20:13","date_gmt":"2023-06-14T18:20:13","guid":{"rendered":"https:\/\/leam.dev.uqam.ca\/?page_id=47"},"modified":"2023-08-08T03:40:27","modified_gmt":"2023-08-08T03:40:27","slug":"chroniques","status":"publish","type":"page","link":"https:\/\/leam.uqam.ca\/?page_id=47","title":{"rendered":"Revue Chroniques"},"content":{"rendered":"<p>Une des activit\u00e9s phare du LEAM est la publication d&rsquo;une revue en ligne, <em>Chroniques<\/em>.<\/p>\n<p>Revue bilingue (anglais\/fran\u00e7ais),\u00a0<b>CHRONIQUES<\/b> s\u2019int\u00e9resse \u00e0 toutes r\u00e9flexions en lien avec les questions \u00e9pist\u00e9mologiques reli\u00e9es \u00e0 l\u2019activit\u00e9 math\u00e9matique, que ce soit dans le contexte scolaire (enseignement, apprentissage), professionnel (diff\u00e9rents m\u00e9tiers, incluant celui de math\u00e9maticien), quotidien, artistique\u2026 ou autre.<\/p>\n<p>\u00c0 ajouter \u00e0 vos favoris: <a href=\"http:\/\/www.chroniques.uqam.ca\">www.chroniques.uqam.ca<\/a><\/p>\n","protected":false},"excerpt":{"rendered":"<p>Une des activit\u00e9s phare du LEAM est la publication d&rsquo;une revue en ligne, Chroniques. Revue bilingue (anglais\/fran\u00e7ais),\u00a0CHRONIQUES s\u2019int\u00e9resse \u00e0 toutes r\u00e9flexions en lien avec les questions \u00e9pist\u00e9mologiques reli\u00e9es \u00e0 l\u2019activit\u00e9 math\u00e9matique, que ce soit dans le contexte scolaire (enseignement, apprentissage), professionnel (diff\u00e9rents m\u00e9tiers, incluant celui de math\u00e9maticien), quotidien, artistique\u2026 ou autre. \u00c0 ajouter \u00e0 vos&#8230;<\/p>\n","protected":false},"author":2,"featured_media":196,"parent":0,"menu_order":0,"comment_status":"closed","ping_status":"closed","template":"","meta":{"_acf_changed":false,"footnotes":""},"class_list":["post-47","page","type-page","status-publish","has-post-thumbnail","hentry"],"acf":[],"jetpack_sharing_enabled":true,"_links":{"self":[{"href":"https:\/\/leam.uqam.ca\/index.php?rest_route=\/wp\/v2\/pages\/47","targetHints":{"allow":["GET"]}}],"collection":[{"href":"https:\/\/leam.uqam.ca\/index.php?rest_route=\/wp\/v2\/pages"}],"about":[{"href":"https:\/\/leam.uqam.ca\/index.php?rest_route=\/wp\/v2\/types\/page"}],"author":[{"embeddable":true,"href":"https:\/\/leam.uqam.ca\/index.php?rest_route=\/wp\/v2\/users\/2"}],"replies":[{"embeddable":true,"href":"https:\/\/leam.uqam.ca\/index.php?rest_route=%2Fwp%2Fv2%2Fcomments&post=47"}],"version-history":[{"count":6,"href":"https:\/\/leam.uqam.ca\/index.php?rest_route=\/wp\/v2\/pages\/47\/revisions"}],"predecessor-version":[{"id":200,"href":"https:\/\/leam.uqam.ca\/index.php?rest_route=\/wp\/v2\/pages\/47\/revisions\/200"}],"wp:featuredmedia":[{"embeddable":true,"href":"https:\/\/leam.uqam.ca\/index.php?rest_route=\/wp\/v2\/media\/196"}],"wp:attachment":[{"href":"https:\/\/leam.uqam.ca\/index.php?rest_route=%2Fwp%2Fv2%2Fmedia&parent=47"}],"curies":[{"name":"wp","href":"https:\/\/api.w.org\/{rel}","templated":true}]}}