{"id":41,"date":"2023-06-14T18:16:50","date_gmt":"2023-06-14T18:16:50","guid":{"rendered":"https:\/\/leam.dev.uqam.ca\/?page_id=41"},"modified":"2023-08-27T04:09:11","modified_gmt":"2023-08-27T04:09:11","slug":"equipe","status":"publish","type":"page","link":"https:\/\/leam.uqam.ca\/?page_id=41","title":{"rendered":"\u00c9quipe"},"content":{"rendered":"<p>Voici l&rsquo;\u00e9quipe active du LEAM:<\/p>\n      <div id=\"post-grid-lazy-139\" class=\"post-grid-lazy\"><img decoding=\"async\" alt=\"\" src=\"\" \/><\/div>\n    <script>\n      jQuery('#post-grid-lazy-139').ready(function($) {\n        $('#post-grid-lazy-139').fadeOut();\n        $('#post-grid-139   ').fadeIn();\n      })\n    <\/script>\n    <style type=\"text\/css\">\n      #post-grid-139 {\n        display: none;\n      }\n\n      .post-grid-lazy {\n        text-align: center;\n      }\n    <\/style>\n    <div data-options='{&quot;id&quot;:&quot;139&quot;,&quot;lazy_load&quot;:&quot;yes&quot;,&quot;masonry_enable&quot;:&quot;no&quot;,&quot;view_type&quot;:&quot;grid&quot;}' id=\"post-grid-139\" class=\"post-grid grid\">\n    \n\n\n    <div class=\"grid-items\">\n      <div class=\"item item-32 skin flat even 0 \">\n        <div class=\"layer-wrapper layout-145\">\n          <div class=\" element_1691426315461\"\r\n        id=\"\">\r\n        <div\r\n        class=\"element element_1691425535486  element-media \">\r\n        <a target=\"_self\" href=\"https:\/\/leam.uqam.ca\/?p=32\"><img decoding=\"async\" src=\"https:\/\/leam.uqam.ca\/wp-content\/uploads\/2023\/08\/jProulx-e1691426843509-300x300.png\" \/><\/a>    <\/div>\r\n    <div class=\"element element_1691426330442  title_link \">\r\n                    <a target=\"_blank\"\r\n                href=\"https:\/\/leam.uqam.ca\/?p=32\">J\u00e9rome Proulx<\/a>\r\n            <\/div>\r\n    <\/div>\r\n    <\/div>\n  <\/div><div class=\"item item-29 skin flat odd 1 \">\n        <div class=\"layer-wrapper layout-145\">\n          <div class=\" element_1691426315461\"\r\n        id=\"\">\r\n        <div\r\n        class=\"element element_1691425535486  element-media \">\r\n        <a target=\"_self\" href=\"https:\/\/leam.uqam.ca\/?p=29\"><img decoding=\"async\" src=\"https:\/\/leam.uqam.ca\/wp-content\/uploads\/2020\/07\/jf-300x300.jpg\" \/><\/a>    <\/div>\r\n    <div class=\"element element_1691426330442  title_link \">\r\n                    <a target=\"_blank\"\r\n                href=\"https:\/\/leam.uqam.ca\/?p=29\">Jean-Francois Maheux<\/a>\r\n            <\/div>\r\n    <\/div>\r\n    <\/div>\n  <\/div><div class=\"item item-303 skin flat even 2 \">\n        <div class=\"layer-wrapper layout-145\">\n          <div class=\" element_1691426315461\"\r\n        id=\"\">\r\n        <div\r\n        class=\"element element_1691425535486  element-media \">\r\n        <a target=\"_self\" href=\"https:\/\/leam.uqam.ca\/?p=303\"><img decoding=\"async\" src=\"https:\/\/leam.uqam.ca\/wp-content\/uploads\/2023\/08\/LuisSaldanha1.jpg\" \/><\/a>    <\/div>\r\n    <div class=\"element element_1691426330442  title_link \">\r\n                    <a target=\"_blank\"\r\n                href=\"https:\/\/leam.uqam.ca\/?p=303\">Luis Saldanha<\/a>\r\n            <\/div>\r\n    <\/div>\r\n    <\/div>\n  <\/div><div class=\"item item-175 skin flat odd 3 \">\n        <div class=\"layer-wrapper layout-145\">\n          <div class=\" element_1691426315461\"\r\n        id=\"\">\r\n        <div\r\n        class=\"element element_1691425535486  element-media \">\r\n        <a target=\"_self\" href=\"https:\/\/leam.uqam.ca\/?p=175\"><img decoding=\"async\" src=\"https:\/\/leam.uqam.ca\/wp-content\/uploads\/2023\/08\/Genevieve-Barabe2-300x300.jpg\" \/><\/a>    <\/div>\r\n    <div class=\"element element_1691426330442  title_link \">\r\n                    <a target=\"_blank\"\r\n                href=\"https:\/\/leam.uqam.ca\/?p=175\">Genevi\u00e8ve Barab\u00e9<\/a>\r\n            <\/div>\r\n    <\/div>\r\n    <\/div>\n  <\/div><div class=\"item item-171 skin flat even 4 \">\n        <div class=\"layer-wrapper layout-145\">\n          <div class=\" element_1691426315461\"\r\n        id=\"\">\r\n        <div\r\n        class=\"element element_1691425535486  element-media \">\r\n        <a target=\"_self\" href=\"https:\/\/leam.uqam.ca\/?p=171\"><img decoding=\"async\" src=\"https:\/\/leam.uqam.ca\/wp-content\/uploads\/2023\/08\/Charlotte-Megroureche-300x300.jpg\" \/><\/a>    <\/div>\r\n    <div class=\"element element_1691426330442  title_link \">\r\n                    <a target=\"_blank\"\r\n                href=\"https:\/\/leam.uqam.ca\/?p=171\">Charlotte M\u00e9grour\u00e8che<\/a>\r\n            <\/div>\r\n    <\/div>\r\n    <\/div>\n  <\/div><div class=\"item item-140 skin flat odd 5 \">\n        <div class=\"layer-wrapper layout-145\">\n          <div class=\" element_1691426315461\"\r\n        id=\"\">\r\n        <div\r\n        class=\"element element_1691425535486  element-media \">\r\n        <a target=\"_self\" href=\"https:\/\/leam.uqam.ca\/?p=140\"><img decoding=\"async\" src=\"https:\/\/leam.uqam.ca\/wp-content\/uploads\/2023\/08\/Myriam2-300x300.jpg\" \/><\/a>    <\/div>\r\n    <div class=\"element element_1691426330442  title_link \">\r\n                    <a target=\"_blank\"\r\n                href=\"https:\/\/leam.uqam.ca\/?p=140\">Myriam Boucher-Pinard<\/a>\r\n            <\/div>\r\n    <\/div>\r\n    <\/div>\n  <\/div><div class=\"item item-253 skin flat even 6 \">\n        <div class=\"layer-wrapper layout-145\">\n          <div class=\" element_1691426315461\"\r\n        id=\"\">\r\n        <div\r\n        class=\"element element_1691425535486  element-media \">\r\n        <a target=\"_self\" href=\"https:\/\/leam.uqam.ca\/?p=253\"><img decoding=\"async\" src=\"https:\/\/leam.uqam.ca\/wp-content\/uploads\/2023\/08\/JC-photo.jpeg\" \/><\/a>    <\/div>\r\n    <div class=\"element element_1691426330442  title_link \">\r\n                    <a target=\"_blank\"\r\n                href=\"https:\/\/leam.uqam.ca\/?p=253\">Jean-Christophe Martin Dubreuil<\/a>\r\n            <\/div>\r\n    <\/div>\r\n    <\/div>\n  <\/div><div class=\"item item-311 skin flat odd 7 \">\n        <div class=\"layer-wrapper layout-145\">\n          <div class=\" element_1691426315461\"\r\n        id=\"\">\r\n        <div\r\n        class=\"element element_1691425535486  element-media \">\r\n        <a target=\"_self\" href=\"https:\/\/leam.uqam.ca\/?p=311\"><img decoding=\"async\" src=\"https:\/\/leam.uqam.ca\/wp-content\/uploads\/2023\/09\/Charline-300x300.jpg\" \/><\/a>    <\/div>\r\n    <div class=\"element element_1691426330442  title_link \">\r\n                    <a target=\"_blank\"\r\n                href=\"https:\/\/leam.uqam.ca\/?p=311\">Charline Novak<\/a>\r\n            <\/div>\r\n    <\/div>\r\n    <\/div>\n  <\/div><div class=\"item item-330 skin flat even 8 \">\n        <div class=\"layer-wrapper layout-145\">\n          <div class=\" element_1691426315461\"\r\n        id=\"\">\r\n        <div\r\n        class=\"element element_1691425535486  element-media \">\r\n        <a target=\"_self\" href=\"https:\/\/leam.uqam.ca\/?p=330\"><img decoding=\"async\" src=\"https:\/\/leam.uqam.ca\/wp-content\/uploads\/2023\/09\/jacob4-300x300.jpeg\" \/><\/a>    <\/div>\r\n    <div class=\"element element_1691426330442  title_link \">\r\n                    <a target=\"_blank\"\r\n                href=\"https:\/\/leam.uqam.ca\/?p=330\">Jacob Chartray<\/a>\r\n            <\/div>\r\n    <\/div>\r\n    <\/div>\n  <\/div><div class=\"item item-338 skin flat odd 9 \">\n        <div class=\"layer-wrapper layout-145\">\n          <div class=\" element_1691426315461\"\r\n        id=\"\">\r\n        <div\r\n        class=\"element element_1691425535486  element-media \">\r\n        <a target=\"_self\" href=\"https:\/\/leam.uqam.ca\/?p=338\"><img decoding=\"async\" src=\"https:\/\/leam.uqam.ca\/wp-content\/uploads\/2023\/09\/Jeremy-photo-300x300.jpg\" \/><\/a>    <\/div>\r\n    <div class=\"element element_1691426330442  title_link \">\r\n                    <a target=\"_blank\"\r\n                href=\"https:\/\/leam.uqam.ca\/?p=338\">J\u00e9r\u00e9my C\u00f4t\u00e9<\/a>\r\n            <\/div>\r\n    <\/div>\r\n    <\/div>\n  <\/div><div class=\"item item-365 skin flat even 10 \">\n        <div class=\"layer-wrapper layout-145\">\n          <div class=\" element_1691426315461\"\r\n        id=\"\">\r\n        <div\r\n        class=\"element element_1691425535486  element-media \">\r\n        <a target=\"_self\" href=\"https:\/\/leam.uqam.ca\/?p=365\"><img decoding=\"async\" src=\"https:\/\/leam.uqam.ca\/wp-content\/uploads\/2024\/01\/photoSimon-300x300.png\" \/><\/a>    <\/div>\r\n    <div class=\"element element_1691426330442  title_link \">\r\n                    <a target=\"_blank\"\r\n                href=\"https:\/\/leam.uqam.ca\/?p=365\">Simon Th\u00e9berge<\/a>\r\n            <\/div>\r\n    <\/div>\r\n    <\/div>\n  <\/div>    <\/div>\n    <div class=\"pagination\">\n      <div class=\"paginate\">\n      <\/div>\n  <style type=\"text\/css\">\n    #post-grid-139 .pagination .page-numbers {\n      font-size: 16px;\n      color: #fff;\n      background: #646464;\n    }\n\n    #post-grid-139 .pagination .page-numbers:hover,\n    #post-grid-139 .pagination .page-numbers.current {\n      background: #4b4b4b;\n    }\n  <\/style>\n  <\/div>\n        <style type=\"text\/css\">\r\n            .layout-145 .element_1691426315461 {\r\n                            }\r\n\r\n                    <\/style>\r\n        <style type=\"text\/css\">\r\n        .layout-145 .element_1691425535486 {\r\n            overflow: hidden;\r\n                    }\r\n\r\n        .layout-145 .element_1691425535486 img {\r\n            max-width: 100%;\r\n            height: auto;\r\n        }\r\n\r\n        @media only screen and (min-width: 1024px) {\r\n            .layout-145 .element_1691425535486 {\r\n                max-height: 250px;\r\n                            }\r\n        }\r\n\r\n        @media only screen and (min-width: 768px) and (max-width: 1023px) {\r\n            .layout-145 .element_1691425535486 {\r\n                height: auto;\r\n                            }\r\n        }\r\n\r\n        @media only screen and (min-width: 0px) and (max-width: 767px) {\r\n            .layout-145 .element_1691425535486 {\r\n                height: auto;\r\n                            }\r\n        }\r\n    <\/style>\r\n    <style type=\"text\/css\">\r\n        .layout-145 .element_1691426330442 {\r\n            text-align: left;\r\n                    }\r\n\r\n        .layout-145 .element_1691426330442 a {\r\n                    }\r\n    <\/style>\r\n      <script>\n          <\/script>\n    <style type=\"text\/css\">\n    #post-grid-139 {\n          }\n\n    #post-grid-139 .item {\n      padding: 0px;\n      background: #fff;\n          }\n\n    #post-grid-139 .item .layer-media {\n      height:auto;    }\n\n    @media only screen and (min-width: 0px) and (max-width: 767px) {\n      #post-grid-139 .grid-items {\n        display: grid;\n        grid-template-columns: 1fr ;\n        column-gap: 10px;\n        row-gap: 10px;\n              }\n\n      #post-grid-139 .item {\n        height:auto;      }\n    }\n\n    @media only screen and (min-width: 768px) and (max-width: 1023px) {\n      #post-grid-139 .grid-items {\n        display: grid;\n        grid-template-columns: 1fr 1fr ;\n        column-gap: 10px;\n        row-gap: 10px;\n              }\n\n      #post-grid-139 .item {\n        max-height:auto;      }\n    }\n\n    @media only screen and (min-width: 1024px) {\n      #post-grid-139 .grid-items {\n        display: grid;\n        grid-template-columns: 1fr 1fr 1fr ;\n        column-gap: 10px;\n        row-gap: 10px;\n              }\n\n      #post-grid-139 .item {\n        height:auto;      }\n    }\n\n      <\/style>\n  <\/div>\n\n<p>&nbsp;<\/p>\n<p>Les anciens du Laboratoire:<\/p>\n      <div id=\"post-grid-lazy-153\" class=\"post-grid-lazy\"><img decoding=\"async\" alt=\"\" src=\"\" \/><\/div>\n    <script>\n      jQuery('#post-grid-lazy-153').ready(function($) {\n        $('#post-grid-lazy-153').fadeOut();\n        $('#post-grid-153   ').fadeIn();\n      })\n    <\/script>\n    <style type=\"text\/css\">\n      #post-grid-153 {\n        display: none;\n      }\n\n      .post-grid-lazy {\n        text-align: center;\n      }\n    <\/style>\n    <div data-options='{&quot;id&quot;:&quot;153&quot;,&quot;lazy_load&quot;:&quot;yes&quot;,&quot;masonry_enable&quot;:&quot;no&quot;,&quot;view_type&quot;:&quot;grid&quot;}' id=\"post-grid-153\" class=\"post-grid grid\">\n    \n\n\n    <div class=\"grid-items\">\n      <div class=\"item item-148 skin flat even 0 \">\n        <div class=\"layer-wrapper layout-363\">\n          <div class=\" element_1727445127866\"\r\n        id=\"\">\r\n        <div class=\"element element_1727445138954  title \">\r\n                    <a target=\"_blank\"\r\n                href=\"https:\/\/leam.uqam.ca\/?p=148\">Fiorella Tinetto<\/a>\r\n            <\/div>\r\n    <\/div>\r\n    <\/div>\n  <\/div><div class=\"item item-150 skin flat odd 1 \">\n        <div class=\"layer-wrapper layout-363\">\n          <div class=\" element_1727445127866\"\r\n        id=\"\">\r\n        <div class=\"element element_1727445138954  title \">\r\n                    <a target=\"_blank\"\r\n                href=\"https:\/\/leam.uqam.ca\/?p=150\">Sabrina H\u00e9roux<\/a>\r\n            <\/div>\r\n    <\/div>\r\n    <\/div>\n  <\/div><div class=\"item item-246 skin flat even 2 \">\n        <div class=\"layer-wrapper layout-363\">\n          <div class=\" element_1727445127866\"\r\n        id=\"\">\r\n        <div class=\"element element_1727445138954  title \">\r\n                    <a target=\"_blank\"\r\n                href=\"https:\/\/leam.uqam.ca\/?p=246\">Mathieu Seguin<\/a>\r\n            <\/div>\r\n    <\/div>\r\n    <\/div>\n  <\/div><div class=\"item item-299 skin flat odd 3 \">\n        <div class=\"layer-wrapper layout-363\">\n          <div class=\" element_1727445127866\"\r\n        id=\"\">\r\n        <div class=\"element element_1727445138954  title \">\r\n                    <a target=\"_blank\"\r\n                href=\"https:\/\/leam.uqam.ca\/?p=299\">Antoine Lachance<\/a>\r\n            <\/div>\r\n    <\/div>\r\n    <\/div>\n  <\/div><div class=\"item item-317 skin flat even 4 \">\n        <div class=\"layer-wrapper layout-363\">\n          <div class=\" element_1727445127866\"\r\n        id=\"\">\r\n        <div class=\"element element_1727445138954  title \">\r\n                    <a target=\"_blank\"\r\n                href=\"https:\/\/leam.uqam.ca\/?p=317\">Karl-Philippe Tremblay<\/a>\r\n            <\/div>\r\n    <\/div>\r\n    <\/div>\n  <\/div><div class=\"item item-320 skin flat odd 5 \">\n        <div class=\"layer-wrapper layout-363\">\n          <div class=\" element_1727445127866\"\r\n        id=\"\">\r\n        <div class=\"element element_1727445138954  title \">\r\n                    <a target=\"_blank\"\r\n                href=\"https:\/\/leam.uqam.ca\/?p=320\">Francois Lagac\u00e9<\/a>\r\n            <\/div>\r\n    <\/div>\r\n    <\/div>\n  <\/div><div class=\"item item-323 skin flat even 6 \">\n        <div class=\"layer-wrapper layout-363\">\n          <div class=\" element_1727445127866\"\r\n        id=\"\">\r\n        <div class=\"element element_1727445138954  title \">\r\n                    <a target=\"_blank\"\r\n                href=\"https:\/\/leam.uqam.ca\/?p=323\">Marie-Line Lavall\u00e9e Lamarche<\/a>\r\n            <\/div>\r\n    <\/div>\r\n    <\/div>\n  <\/div><div class=\"item item-326 skin flat odd 7 \">\n        <div class=\"layer-wrapper layout-363\">\n          <div class=\" element_1727445127866\"\r\n        id=\"\">\r\n        <div class=\"element element_1727445138954  title \">\r\n                    <a target=\"_blank\"\r\n                href=\"https:\/\/leam.uqam.ca\/?p=326\">\u00c9ric Roditi<\/a>\r\n            <\/div>\r\n    <\/div>\r\n    <\/div>\n  <\/div><div class=\"item item-328 skin flat even 8 \">\n        <div class=\"layer-wrapper layout-363\">\n          <div class=\" element_1727445127866\"\r\n        id=\"\">\r\n        <div class=\"element element_1727445138954  title \">\r\n                    <a target=\"_blank\"\r\n                href=\"https:\/\/leam.uqam.ca\/?p=328\">Nadia Hardy<\/a>\r\n            <\/div>\r\n    <\/div>\r\n    <\/div>\n  <\/div><div class=\"item item-335 skin flat odd 9 \">\n        <div class=\"layer-wrapper layout-363\">\n          <div class=\" element_1727445127866\"\r\n        id=\"\">\r\n        <div class=\"element element_1727445138954  title \">\r\n                    <a target=\"_blank\"\r\n                href=\"https:\/\/leam.uqam.ca\/?p=335\">Aline Savard<\/a>\r\n            <\/div>\r\n    <\/div>\r\n    <\/div>\n  <\/div><div class=\"item item-359 skin flat even 10 \">\n        <div class=\"layer-wrapper layout-363\">\n          <div class=\" element_1727445127866\"\r\n        id=\"\">\r\n        <div class=\"element element_1727445138954  title \">\r\n                    <a target=\"_blank\"\r\n                href=\"https:\/\/leam.uqam.ca\/?p=359\">Rox-Anne L'Italien-Bruneau<\/a>\r\n            <\/div>\r\n    <\/div>\r\n    <\/div>\n  <\/div>    <\/div>\n    <div class=\"pagination\">\n      <div class=\"paginate\">\n      <\/div>\n  <style type=\"text\/css\">\n    #post-grid-153 .pagination .page-numbers {\n      font-size: 16px;\n      color: #fff;\n      background: #646464;\n    }\n\n    #post-grid-153 .pagination .page-numbers:hover,\n    #post-grid-153 .pagination .page-numbers.current {\n      background: #4b4b4b;\n    }\n  <\/style>\n  <\/div>\n        <style type=\"text\/css\">\r\n            .layout-363 .element_1727445127866 {\r\n                            }\r\n\r\n                    <\/style>\r\n        <style type=\"text\/css\">\r\n        .layout-363 .element_1727445138954 {\r\n            text-align: left;\r\n                    }\r\n\r\n        .layout-363 .element_1727445138954 a {\r\n            text-align: left;\r\n                    }\r\n    <\/style>\r\n      <script>\n          <\/script>\n    <style type=\"text\/css\">\n    #post-grid-153 {\n          }\n\n    #post-grid-153 .item {\n      padding: 0px;\n      background: #fff;\n          }\n\n    #post-grid-153 .item .layer-media {\n      height:auto;    }\n\n    @media only screen and (min-width: 0px) and (max-width: 767px) {\n      #post-grid-153 .grid-items {\n        display: grid;\n        grid-template-columns: 1fr ;\n        column-gap: 10px;\n        row-gap: 10px;\n              }\n\n      #post-grid-153 .item {\n        height:auto;      }\n    }\n\n    @media only screen and (min-width: 768px) and (max-width: 1023px) {\n      #post-grid-153 .grid-items {\n        display: grid;\n        grid-template-columns: 1fr 1fr ;\n        column-gap: 10px;\n        row-gap: 10px;\n              }\n\n      #post-grid-153 .item {\n        max-height:auto;      }\n    }\n\n    @media only screen and (min-width: 1024px) {\n      #post-grid-153 .grid-items {\n        display: grid;\n        grid-template-columns: 1fr 1fr 1fr ;\n        column-gap: 10px;\n        row-gap: 10px;\n              }\n\n      #post-grid-153 .item {\n        height:auto;      }\n    }\n\n      <\/style>\n  <\/div>\n\n<p>&nbsp;<\/p>\n","protected":false},"excerpt":{"rendered":"<p>Voici l&rsquo;\u00e9quipe active du LEAM: &nbsp; Les anciens du Laboratoire: &nbsp;<\/p>\n","protected":false},"author":2,"featured_media":309,"parent":0,"menu_order":0,"comment_status":"closed","ping_status":"closed","template":"","meta":{"_acf_changed":false,"footnotes":""},"class_list":["post-41","page","type-page","status-publish","has-post-thumbnail","hentry"],"acf":[],"jetpack_sharing_enabled":true,"_links":{"self":[{"href":"https:\/\/leam.uqam.ca\/index.php?rest_route=\/wp\/v2\/pages\/41","targetHints":{"allow":["GET"]}}],"collection":[{"href":"https:\/\/leam.uqam.ca\/index.php?rest_route=\/wp\/v2\/pages"}],"about":[{"href":"https:\/\/leam.uqam.ca\/index.php?rest_route=\/wp\/v2\/types\/page"}],"author":[{"embeddable":true,"href":"https:\/\/leam.uqam.ca\/index.php?rest_route=\/wp\/v2\/users\/2"}],"replies":[{"embeddable":true,"href":"https:\/\/leam.uqam.ca\/index.php?rest_route=%2Fwp%2Fv2%2Fcomments&post=41"}],"version-history":[{"count":5,"href":"https:\/\/leam.uqam.ca\/index.php?rest_route=\/wp\/v2\/pages\/41\/revisions"}],"predecessor-version":[{"id":154,"href":"https:\/\/leam.uqam.ca\/index.php?rest_route=\/wp\/v2\/pages\/41\/revisions\/154"}],"wp:featuredmedia":[{"embeddable":true,"href":"https:\/\/leam.uqam.ca\/index.php?rest_route=\/wp\/v2\/media\/309"}],"wp:attachment":[{"href":"https:\/\/leam.uqam.ca\/index.php?rest_route=%2Fwp%2Fv2%2Fmedia&parent=41"}],"curies":[{"name":"wp","href":"https:\/\/api.w.org\/{rel}","templated":true}]}}