{"id":38,"date":"2023-06-14T18:14:04","date_gmt":"2023-06-14T18:14:04","guid":{"rendered":"https:\/\/leam.dev.uqam.ca\/?page_id=38"},"modified":"2024-09-30T18:39:53","modified_gmt":"2024-09-30T18:39:53","slug":"accueil","status":"publish","type":"page","link":"https:\/\/leam.uqam.ca\/","title":{"rendered":""},"content":{"rendered":"      <div id=\"post-grid-lazy-260\" class=\"post-grid-lazy\"><img decoding=\"async\" alt=\"\" src=\"\" \/><\/div>\n    <script>\n      jQuery('#post-grid-lazy-260').ready(function($) {\n        $('#post-grid-lazy-260').fadeOut();\n        $('#post-grid-260   ').fadeIn();\n      })\n    <\/script>\n    <style type=\"text\/css\">\n      #post-grid-260 {\n        display: none;\n      }\n\n      .post-grid-lazy {\n        text-align: center;\n      }\n    <\/style>\n    <div data-options='{&quot;id&quot;:&quot;260&quot;,&quot;lazy_load&quot;:&quot;yes&quot;,&quot;masonry_enable&quot;:&quot;no&quot;,&quot;view_type&quot;:&quot;grid&quot;}' id=\"post-grid-260\" class=\"post-grid grid\">\n    \n\n\n    <div class=\"grid-items\">\n      <div class=\"item item-379 skin flat even 0 \">\n        <div class=\"layer-wrapper layout-273\">\n          <div class=\"layer-media element_1587187627902\"\r\n        id=\"\">\r\n        <div\r\n        class=\"element element_1587190790308  element-media \">\r\n        <a target=\"_self\" href=\"https:\/\/leam.uqam.ca\/?p=379\"><img loading=\"lazy\" decoding=\"async\" width=\"640\" height=\"640\" src=\"https:\/\/leam.uqam.ca\/wp-content\/uploads\/2024\/10\/Designer-8.png\" class=\"attachment-large size-large wp-post-image\" alt=\"\" \/><\/a>    <\/div>\r\n    <\/div>\r\n    <div class=\"layer-content element_1587187714568\"\r\n        id=\"\">\r\n        <div class=\"element element_1587187895341  title \">\r\n                    <a target=\"_blank\"\r\n                href=\"https:\/\/leam.uqam.ca\/?p=379\">\u00c9thique et activit\u00e9 math\u00e9matique<\/a>\r\n            <\/div>\r\n    <div class=\"element element_1587187729822  excerpt \">\r\n        Une dimension un peu surprenante de nos recherches autour des interactions en classe de math\u00e9matiques concerne les enjeux \u00e9thiques qui \u00e9mergent de ces moments d'apprentissage. Loin de se cantonner \u00e0 l'acquisition de savoirs abstraits, nos travaux mettent en lumi\u00e8re l'importance du faire-ensemble, de la responsabilit\u00e9 et de l'alt\u00e9rit\u00e9. Inspir\u00e9s par Levinas, nous posons l'\u00e9thique comme fondement de toute pratique p\u00e9dagogique, o\u00f9 chaque \u00e9l\u00e8ve, chaque enseignant, contribue \u00e0 la co-construction d\u2019un savoir v\u00e9ritablement partag\u00e9. Ces r\u00e9flexions concernent aussi beaucoup la recherche et nos responsabilit\u00e9s \u00e9thiques comme chercheurs en didactique des math\u00e9matiques. \u00c0 travers nos \u00e9crits, nous proposons de red\u00e9finir l\u2019enseignement des                    <a target=\"_blank\"\r\n                href=\"https:\/\/leam.uqam.ca\/?p=379\">... Lire la suite<\/a>\r\n            <\/div>\r\n    <\/div>\r\n    <\/div>\n  <\/div>    <\/div>\n          <style type=\"text\/css\">\r\n            .layout-273 .element_1587187627902 {\r\n                            }\r\n\r\n                    <\/style>\r\n        <style type=\"text\/css\">\r\n        .layout-273 .element_1587190790308 {\r\n            overflow: hidden;\r\n                    }\r\n\r\n        .layout-273 .element_1587190790308 img {\r\n            max-width: 100%;\r\n            height: auto;\r\n        }\r\n\r\n        @media only screen and (min-width: 1024px) {\r\n            .layout-273 .element_1587190790308 {\r\n                height: auto;\r\n                            }\r\n        }\r\n\r\n        @media only screen and (min-width: 768px) and (max-width: 1023px) {\r\n            .layout-273 .element_1587190790308 {\r\n                height: auto;\r\n                            }\r\n        }\r\n\r\n        @media only screen and (min-width: 0px) and (max-width: 767px) {\r\n            .layout-273 .element_1587190790308 {\r\n                height: auto;\r\n                            }\r\n        }\r\n    <\/style>\r\n        <style type=\"text\/css\">\r\n            .layout-273 .element_1587187714568 {\r\n                            }\r\n\r\n                    <\/style>\r\n        <style type=\"text\/css\">\r\n        .layout-273 .element_1587187895341 {\r\n            color: #ffffff;\r\n            font-size: 20px;\r\n            margin: 10px;\r\n            text-align: center;\r\n            background: rgba(30, 30, 110, 1) none repeat scroll 0 0;\r\npadding: 10px\r\nline-height: 2em;        }\r\n\r\n        .layout-273 .element_1587187895341 a {\r\n            color: #ffffff;\r\n            font-size: 20px;\r\n            margin: 10px;\r\n            text-align: center;\r\n            background: rgba(30, 30, 110, 1) none repeat scroll 0 0;\r\npadding: 10px\r\nline-height: 2em;        }\r\n    <\/style>\r\n    <style type=\"text\/css\">\r\n        .layout-273 .element_1587187729822 {\r\n            color: #ffffff;\r\n            font-size: 16px;\r\n            margin: 10px;\r\n            text-align: left;\r\n            background: rgba(30, 30, 110, 1) none repeat scroll 0 0;\r\npadding: 15px;        }\r\n\r\n        .layout-273 .element_1587187729822 a {\r\n            color: #ffffff;\r\n            font-size: 16px;\r\n                    }\r\n    <\/style>\r\n        <style type=\"text\/css\">\n      .layout-273 a{text-decoration:none}.layout-273{overflow:hidden;position:relative;vertical-align:top}.layout-273:hover .layer-media{z-index:9}.layout-273 .layer-media{-webkit-transition:all .4s ease 0s;transition:all .4s ease 0s;left:0;top:0;width:100%}.layout-273 .layer-content{background:rgba(0,0,0,.3) none repeat scroll 0 0;bottom:0;color:#fff;left:0;position:absolute;-webkit-transition:all 1s ease 0s;transition:all 1s ease 0s;width:100%;}    <\/style>\n    <script>\n          <\/script>\n    <style type=\"text\/css\">\n    #post-grid-260 {\n          }\n\n    #post-grid-260 .item {\n      padding: 0px;\n      background: #fff;\n          }\n\n    #post-grid-260 .item .layer-media {\n      height:auto;    }\n\n    @media only screen and (min-width: 0px) and (max-width: 767px) {\n      #post-grid-260 .grid-items {\n        display: grid;\n        grid-template-columns: 1fr ;\n        column-gap: 10px;\n        row-gap: 10px;\n              }\n\n      #post-grid-260 .item {\n        height:auto;      }\n    }\n\n    @media only screen and (min-width: 768px) and (max-width: 1023px) {\n      #post-grid-260 .grid-items {\n        display: grid;\n        grid-template-columns: 1fr ;\n        column-gap: 10px;\n        row-gap: 10px;\n              }\n\n      #post-grid-260 .item {\n        max-height:auto;      }\n    }\n\n    @media only screen and (min-width: 1024px) {\n      #post-grid-260 .grid-items {\n        display: grid;\n        grid-template-columns: 1fr ;\n        column-gap: 10px;\n        row-gap: 10px;\n              }\n\n      #post-grid-260 .item {\n        height:auto;      }\n    }\n\n      <\/style>\n  <\/div>\n\n<hr \/>\n      <div id=\"post-grid-lazy-290\" class=\"post-grid-lazy\"><img decoding=\"async\" alt=\"\" src=\"\" \/><\/div>\n    <script>\n      jQuery('#post-grid-lazy-290').ready(function($) {\n        $('#post-grid-lazy-290').fadeOut();\n        $('#post-grid-290   ').fadeIn();\n      })\n    <\/script>\n    <style type=\"text\/css\">\n      #post-grid-290 {\n        display: none;\n      }\n\n      .post-grid-lazy {\n        text-align: center;\n      }\n    <\/style>\n    <div data-options='{&quot;id&quot;:&quot;290&quot;,&quot;lazy_load&quot;:&quot;yes&quot;,&quot;masonry_enable&quot;:&quot;no&quot;,&quot;view_type&quot;:&quot;grid&quot;}' id=\"post-grid-290\" class=\"post-grid grid\">\n    \n\n\n    <div class=\"grid-items\">\n      <div class=\"item item-284 skin flat even 0 \">\n        <div class=\"layer-wrapper layout-293\">\n          <div class=\" element_1692482340697\"\r\n        id=\"\">\r\n        <div class=\"element element_1692482349089  title_link \">\r\n                    La bienveillance didactique : engagement et plaisir \u00e0 faire des...            <\/div>\r\n    <div class=\"element element_1692482420949  thumb \">\r\n                    <img decoding=\"async\" alt=\"\" src=\"https:\/\/leam.uqam.ca\/wp-content\/uploads\/2023\/08\/bienveillance2.png\">\r\n            <\/div>\r\n            <a class=\"element element_1692485985720  read_more \"\r\n            target=\"_self\"\r\n            href=\"https:\/\/leam.uqam.ca\/?p=284\">Lire la suite<\/a>\r\n        <\/div>\r\n    <\/div>\n  <\/div><div class=\"item item-222 skin flat odd 1 \">\n        <div class=\"layer-wrapper layout-293\">\n          <div class=\" element_1692482340697\"\r\n        id=\"\">\r\n        <div class=\"element element_1692482349089  title_link \">\r\n                    Le raisonnement relatif, une cl\u00e9 du raisonnement proportionnel            <\/div>\r\n    <div class=\"element element_1692482420949  thumb \">\r\n                    <img decoding=\"async\" alt=\"\" src=\"https:\/\/leam.uqam.ca\/wp-content\/uploads\/2023\/08\/Proportions2.png\">\r\n            <\/div>\r\n            <a class=\"element element_1692485985720  read_more \"\r\n            target=\"_self\"\r\n            href=\"https:\/\/leam.uqam.ca\/?p=222\">Lire la suite<\/a>\r\n        <\/div>\r\n    <\/div>\n  <\/div><div class=\"item item-219 skin flat even 2 \">\n        <div class=\"layer-wrapper layout-293\">\n          <div class=\" element_1692482340697\"\r\n        id=\"\">\r\n        <div class=\"element element_1692482349089  title_link \">\r\n                    Les exemples interviennent souvent en math\u00e9matiques, et \u00e7a nous int\u00e9resse!            <\/div>\r\n    <div class=\"element element_1692482420949  thumb \">\r\n                    <img decoding=\"async\" alt=\"\" src=\"https:\/\/leam.uqam.ca\/wp-content\/uploads\/2023\/08\/exemples2.png\">\r\n            <\/div>\r\n            <a class=\"element element_1692485985720  read_more \"\r\n            target=\"_self\"\r\n            href=\"https:\/\/leam.uqam.ca\/?p=219\">Lire la suite<\/a>\r\n        <\/div>\r\n    <\/div>\n  <\/div>    <\/div>\n    <div class=\"pagination\">\n      <div class=\"paginate\">\n    <span aria-current=\"page\" class=\"page-numbers current\">1<\/span>\n<a class=\"page-numbers\" href=\"https:\/\/leam.uqam.ca\/index.php?rest_route=%2Fwp%2Fv2%2Fpages%2F38&#038;paged=2\">2<\/a>\n<a class=\"next page-numbers\" href=\"https:\/\/leam.uqam.ca\/index.php?rest_route=%2Fwp%2Fv2%2Fpages%2F38&#038;paged=2\">-&gt;<\/a>  <\/div>\n  <style type=\"text\/css\">\n    #post-grid-290 .pagination .page-numbers {\n      font-size: 16px;\n      color: #fff;\n      background: #646464;\n    }\n\n    #post-grid-290 .pagination .page-numbers:hover,\n    #post-grid-290 .pagination .page-numbers.current {\n      background: #4b4b4b;\n    }\n  <\/style>\n  <\/div>\n        <style type=\"text\/css\">\r\n            .layout-293 .element_1692482340697 {\r\n                padding-top: 0px;            }\r\n\r\n                    <\/style>\r\n        <style type=\"text\/css\">\r\n        .layout-293 .element_1692482349089 {\r\n            font-size: 16px;\r\n            margin: 0 0 10px 0;\r\n            text-align: center;\r\n                    }\r\n\r\n        .layout-293 .element_1692482349089 a {\r\n            font-size: 16px;\r\n                    }\r\n    <\/style>\r\n    <style type=\"text\/css\">\r\n        .layout-293 .element_1692482420949 {\r\n            overflow: hidden;\r\n                    }\r\n\r\n        .layout-293 .element_1692482420949 img {\r\n            max-width: 100%;\r\n            height: auto;\r\n        }\r\n\r\n        @media only screen and (min-width: 1024px) {\r\n            .layout-293 .element_1692482420949 {\r\n                            }\r\n        }\r\n\r\n        @media only screen and (min-width: 768px) and (max-width: 1023px) {\r\n            .layout-293 .element_1692482420949 {\r\n                            }\r\n        }\r\n\r\n        @media only screen and (min-width: 0px) and (max-width: 767px) {\r\n            .layout-293 .element_1692482420949 {\r\n                            }\r\n        }\r\n    <\/style>\r\n    <style type=\"text\/css\">\r\n        .layout-293 .element_1692485985720 {\r\n            text-align: left;\r\n                    }\r\n\r\n        .layout-293 .element_1692485985720 a {\r\n                    }\r\n    <\/style>\r\n      <script>\n          <\/script>\n    <style type=\"text\/css\">\n    #post-grid-290 {\n          }\n\n    #post-grid-290 .item {\n      padding: 5px;\n      background: #ffffff;\n          }\n\n    #post-grid-290 .item .layer-media {\n      height:auto;    }\n\n    @media only screen and (min-width: 0px) and (max-width: 767px) {\n      #post-grid-290 .grid-items {\n        display: grid;\n        grid-template-columns: 1fr 1fr ;\n        column-gap: 5px;\n        row-gap: 5px;\n              }\n\n      #post-grid-290 .item {\n        height:auto;      }\n    }\n\n    @media only screen and (min-width: 768px) and (max-width: 1023px) {\n      #post-grid-290 .grid-items {\n        display: grid;\n        grid-template-columns: 1fr 1fr 1fr ;\n        column-gap: 5px;\n        row-gap: 5px;\n              }\n\n      #post-grid-290 .item {\n        max-height:auto;      }\n    }\n\n    @media only screen and (min-width: 1024px) {\n      #post-grid-290 .grid-items {\n        display: grid;\n        grid-template-columns: 1fr 1fr 1fr ;\n        column-gap: 5px;\n        row-gap: 5px;\n              }\n\n      #post-grid-290 .item {\n        height:auto;      }\n    }\n\n      <\/style>\n  <\/div>\n\n","protected":false},"excerpt":{"rendered":"","protected":false},"author":2,"featured_media":0,"parent":0,"menu_order":0,"comment_status":"closed","ping_status":"closed","template":"page2.php","meta":{"_acf_changed":false,"footnotes":""},"class_list":["post-38","page","type-page","status-publish","hentry"],"acf":[],"jetpack_sharing_enabled":true,"_links":{"self":[{"href":"https:\/\/leam.uqam.ca\/index.php?rest_route=\/wp\/v2\/pages\/38","targetHints":{"allow":["GET"]}}],"collection":[{"href":"https:\/\/leam.uqam.ca\/index.php?rest_route=\/wp\/v2\/pages"}],"about":[{"href":"https:\/\/leam.uqam.ca\/index.php?rest_route=\/wp\/v2\/types\/page"}],"author":[{"embeddable":true,"href":"https:\/\/leam.uqam.ca\/index.php?rest_route=\/wp\/v2\/users\/2"}],"replies":[{"embeddable":true,"href":"https:\/\/leam.uqam.ca\/index.php?rest_route=%2Fwp%2Fv2%2Fcomments&post=38"}],"version-history":[{"count":20,"href":"https:\/\/leam.uqam.ca\/index.php?rest_route=\/wp\/v2\/pages\/38\/revisions"}],"predecessor-version":[{"id":378,"href":"https:\/\/leam.uqam.ca\/index.php?rest_route=\/wp\/v2\/pages\/38\/revisions\/378"}],"wp:attachment":[{"href":"https:\/\/leam.uqam.ca\/index.php?rest_route=%2Fwp%2Fv2%2Fmedia&parent=38"}],"curies":[{"name":"wp","href":"https:\/\/api.w.org\/{rel}","templated":true}]}}